{"id":419,"date":"2023-01-21T11:54:17","date_gmt":"2023-01-21T11:54:17","guid":{"rendered":"https:\/\/amiy.wpenginepowered.com\/?page_id=419"},"modified":"2024-04-02T17:18:24","modified_gmt":"2024-04-02T23:18:24","slug":"contacto","status":"publish","type":"page","link":"https:\/\/andreapms.com\/en\/contacto\/","title":{"rendered":"Contacto"},"content":{"rendered":"\t\t<div data-elementor-type=\"wp-page\" data-elementor-id=\"419\" class=\"elementor elementor-419\" data-elementor-post-type=\"page\">\n\t\t\t\t<div class=\"elementor-element elementor-element-cac340d e-con-full e-flex e-con e-parent\" data-id=\"cac340d\" data-element_type=\"container\" data-e-type=\"container\" data-settings=\"{&quot;background_background&quot;:&quot;classic&quot;}\">\n\t\t\t\t<div class=\"elementor-element elementor-element-6f24edd elementor-widget elementor-widget-heading\" data-id=\"6f24edd\" data-element_type=\"widget\" data-e-type=\"widget\" data-settings=\"{&quot;wdt_animation_effect&quot;:&quot;none&quot;}\" data-widget_type=\"heading.default\">\n\t\t\t\t<div class=\"elementor-widget-container\">\n\t\t\t\t\t<h2 class=\"elementor-heading-title elementor-size-default\">Cont\u00e1ctanos<\/h2>\t\t\t\t<\/div>\n\t\t\t\t<\/div>\n\t\t\t\t<\/div>\n\t\t<div class=\"elementor-element elementor-element-ce32b74 e-flex e-con-boxed e-con e-parent\" data-id=\"ce32b74\" data-element_type=\"container\" data-e-type=\"container\">\n\t\t\t\t\t<div class=\"e-con-inner\">\n\t\t<div class=\"elementor-element elementor-element-87b5206 e-con-full e-flex e-con e-child\" data-id=\"87b5206\" data-element_type=\"container\" data-e-type=\"container\">\n\t\t\t\t<div class=\"elementor-element elementor-element-72121f5 start elementor-widget elementor-widget-wdt-heading\" data-id=\"72121f5\" data-element_type=\"widget\" data-e-type=\"widget\" data-settings=\"{&quot;wdt_animation_effect&quot;:&quot;none&quot;}\" data-widget_type=\"wdt-heading.default\">\n\t\t\t\t<div class=\"elementor-widget-container\">\n\t\t\t\t\t<div class=\"wdt-heading-holder \" id=\"wdt-heading-72121f5\"><div class=\"wdt-heading-subtitle-wrapper wdt-heading-align-center \"><span class=\"wdt-heading-subtitle\">Andrea Permanent Make Up Studio<\/span><\/div><h2 class=\"wdt-heading-title-wrapper wdt-heading-align-center wdt-heading-deco-wrapper\"><span class=\"wdt-heading-title\">Cont\u00e1ctanos<\/span><\/h2><\/div>\t\t\t\t<\/div>\n\t\t\t\t<\/div>\n\t\t\t\t<div class=\"elementor-element elementor-element-e80057f start wdt-cus-contact-list elementor-widget elementor-widget-wdt-advanced-slider\" data-id=\"e80057f\" data-element_type=\"widget\" data-e-type=\"widget\" data-settings=\"{&quot;carousel_arrows_prev_arrow_vertical_top_indent&quot;:{&quot;unit&quot;:&quot;%&quot;,&quot;size&quot;:&quot;&quot;,&quot;sizes&quot;:[]},&quot;carousel_arrows_prev_arrow_vertical_top_indent_laptop&quot;:{&quot;unit&quot;:&quot;px&quot;,&quot;size&quot;:&quot;&quot;,&quot;sizes&quot;:[]},&quot;carousel_arrows_prev_arrow_vertical_top_indent_tablet_extra&quot;:{&quot;unit&quot;:&quot;px&quot;,&quot;size&quot;:&quot;&quot;,&quot;sizes&quot;:[]},&quot;carousel_arrows_prev_arrow_vertical_top_indent_tablet&quot;:{&quot;unit&quot;:&quot;%&quot;,&quot;size&quot;:&quot;&quot;,&quot;sizes&quot;:[]},&quot;carousel_arrows_prev_arrow_vertical_top_indent_mobile&quot;:{&quot;unit&quot;:&quot;%&quot;,&quot;size&quot;:&quot;&quot;,&quot;sizes&quot;:[]},&quot;carousel_arrows_prev_arrow_horizontal_left_indent&quot;:{&quot;unit&quot;:&quot;%&quot;,&quot;size&quot;:&quot;&quot;,&quot;sizes&quot;:[]},&quot;carousel_arrows_prev_arrow_horizontal_left_indent_laptop&quot;:{&quot;unit&quot;:&quot;px&quot;,&quot;size&quot;:&quot;&quot;,&quot;sizes&quot;:[]},&quot;carousel_arrows_prev_arrow_horizontal_left_indent_tablet_extra&quot;:{&quot;unit&quot;:&quot;px&quot;,&quot;size&quot;:&quot;&quot;,&quot;sizes&quot;:[]},&quot;carousel_arrows_prev_arrow_horizontal_left_indent_tablet&quot;:{&quot;unit&quot;:&quot;%&quot;,&quot;size&quot;:&quot;&quot;,&quot;sizes&quot;:[]},&quot;carousel_arrows_prev_arrow_horizontal_left_indent_mobile&quot;:{&quot;unit&quot;:&quot;%&quot;,&quot;size&quot;:&quot;&quot;,&quot;sizes&quot;:[]},&quot;carousel_arrows_next_arrow_vertical_top_indent&quot;:{&quot;unit&quot;:&quot;%&quot;,&quot;size&quot;:&quot;&quot;,&quot;sizes&quot;:[]},&quot;carousel_arrows_next_arrow_vertical_top_indent_laptop&quot;:{&quot;unit&quot;:&quot;px&quot;,&quot;size&quot;:&quot;&quot;,&quot;sizes&quot;:[]},&quot;carousel_arrows_next_arrow_vertical_top_indent_tablet_extra&quot;:{&quot;unit&quot;:&quot;px&quot;,&quot;size&quot;:&quot;&quot;,&quot;sizes&quot;:[]},&quot;carousel_arrows_next_arrow_vertical_top_indent_tablet&quot;:{&quot;unit&quot;:&quot;%&quot;,&quot;size&quot;:&quot;&quot;,&quot;sizes&quot;:[]},&quot;carousel_arrows_next_arrow_vertical_top_indent_mobile&quot;:{&quot;unit&quot;:&quot;%&quot;,&quot;size&quot;:&quot;&quot;,&quot;sizes&quot;:[]},&quot;carousel_arrows_next_arrow_horizontal_left_indent&quot;:{&quot;unit&quot;:&quot;%&quot;,&quot;size&quot;:&quot;&quot;,&quot;sizes&quot;:[]},&quot;carousel_arrows_next_arrow_horizontal_left_indent_laptop&quot;:{&quot;unit&quot;:&quot;px&quot;,&quot;size&quot;:&quot;&quot;,&quot;sizes&quot;:[]},&quot;carousel_arrows_next_arrow_horizontal_left_indent_tablet_extra&quot;:{&quot;unit&quot;:&quot;px&quot;,&quot;size&quot;:&quot;&quot;,&quot;sizes&quot;:[]},&quot;carousel_arrows_next_arrow_horizontal_left_indent_tablet&quot;:{&quot;unit&quot;:&quot;%&quot;,&quot;size&quot;:&quot;&quot;,&quot;sizes&quot;:[]},&quot;carousel_arrows_next_arrow_horizontal_left_indent_mobile&quot;:{&quot;unit&quot;:&quot;%&quot;,&quot;size&quot;:&quot;&quot;,&quot;sizes&quot;:[]},&quot;wdt_animation_effect&quot;:&quot;none&quot;}\" data-widget_type=\"wdt-advanced-slider.default\">\n\t\t\t\t<div class=\"elementor-widget-container\">\n\t\t\t\t\t<div class=\"wdt-specifications-holder wdt-content-item-holder wdt-column-holder \" id=\"wdt-specifications-e80057f\"><div class=\"\"><div class=\"wdt-content-item\"><div class=\"wdt-specification-block\"><div class=\"wdt-image-icon-group\"><div class=\"wdt-content-image-wrapper\"><div class=\"wdt-content-image\"><\/div><\/div><div class=\"wdt-content-icon-wrapper \"><div class=\"wdt-content-icon\"><span><svg xmlns=\"http:\/\/www.w3.org\/2000\/svg\" xmlns:xlink=\"http:\/\/www.w3.org\/1999\/xlink\" x=\"0px\" y=\"0px\" viewBox=\"0 0 100 100\" style=\"enable-background:new 0 0 100 100;\" xml:space=\"preserve\"><path d=\"M75.7,43.4c-1.8,0-3.3,0.7-4.5,1.8c-0.3-3.1-2.9-5.5-6.1-5.5c-1.7,0-3.2,0.7-4.3,1.8c-0.9-2.7-3.5-4.7-6.5-4.7 c-1.8,0-3.5,0.7-4.7,1.9V23.3c0-3.8-3.1-7-7-7c-3.8,0-7,3.1-7,7v38.8c-1.7-2.7-4.4-6.4-8.1-9.3c-2.2-1.8-5.4-1.8-7.7,0 c-1.3,1-2.1,2.5-2.3,4.2c-0.2,1.6,0.3,3.3,1.4,4.5c2.2,2.7,5.5,7.6,8.9,15.7C28.3,78.1,37.7,99,52.7,99c0.2,0,0.4,0,0.6,0h2.5 c14.7,0,26.7-12,26.7-26.7V50C82.4,46.3,79.4,43.4,75.7,43.4L75.7,43.4z M80.2,72.3c0,13.5-11,24.5-24.5,24.5h-2.5 c-13.9,0.5-23.3-20.3-23.3-20.5C26.4,68,23,63,20.7,60.2c-0.7-0.8-1-1.9-0.9-3c0.1-1.1,0.7-2.1,1.5-2.7c1.5-1.2,3.6-1.2,5,0 c5.2,4.2,8.5,10.1,9.4,11.8c0.2,0.5,0.8,0.7,1.3,0.6c0.5-0.1,0.9-0.6,0.9-1.1V23.3c0-2.7,2.2-4.8,4.8-4.8c2.7,0,4.8,2.2,4.8,4.8 v34.9c0,0.6,0.5,1.1,1.1,1.1s1.1-0.5,1.1-1.1V43.5c0-2.6,2.1-4.7,4.7-4.7s4.7,2.1,4.7,4.7v14.1c0,0.6,0.5,1.1,1.1,1.1 c0.6,0,1.1-0.5,1.1-1.1V45.8c0-2.2,1.8-4,4-4c2.2,0,4,1.8,4,4v11.8c0,0.6,0.5,1.1,1.1,1.1c0.6,0,1.1-0.5,1.1-1.1V50 c0-2.5,2-4.5,4.5-4.5c2.5,0,4.5,2,4.5,4.5V72.3z\"><\/path><path d=\"M29.5,39.6c0.2,0.1,0.4,0.2,0.6,0.2c0.3,0,0.7-0.2,0.9-0.5c0.3-0.5,0.2-1.1-0.3-1.5 c-5.1-3.6-8.2-9.4-8.2-15.6c0-10.5,8.6-19.1,19.1-19.1c10.5,0,19.1,8.6,19.1,19.1c0,2.8-0.6,5.4-1.7,7.9c-0.2,0.5,0,1.2,0.5,1.4 c0.5,0.2,1.2,0,1.4-0.5c1.3-2.8,1.9-5.7,1.9-8.8C62.8,10.5,53.3,1,41.6,1c-11.7,0-21.2,9.5-21.2,21.2C20.4,29.1,23.8,35.6,29.5,39.6 z\"><\/path><\/svg><\/span><\/div><\/div><\/div><div class=\"wdt-content-detail-group\"><div class=\"wdt-content-title\"><h5>Email<\/h5><\/div><div class=\"wdt-content-button-group\"><div class=\"wdt-content-button wdt-button-clone\"><a href=\"mailto:hola@andreapms.com\"><div class=\"wdt-button-text\"><span>hola@andreapms.com<\/span><\/div><\/a><\/div><\/div><\/div><\/div><\/div><\/div><div class=\"\"><div class=\"wdt-content-item\"><div class=\"wdt-specification-block\"><div class=\"wdt-image-icon-group\"><div class=\"wdt-content-image-wrapper\"><div class=\"wdt-content-image\"><\/div><\/div><div class=\"wdt-content-icon-wrapper \"><div class=\"wdt-content-icon\"><span><svg xmlns=\"http:\/\/www.w3.org\/2000\/svg\" xmlns:xlink=\"http:\/\/www.w3.org\/1999\/xlink\" x=\"0px\" y=\"0px\" viewBox=\"0 0 100 100\" style=\"enable-background:new 0 0 100 100;\" xml:space=\"preserve\"><path d=\"M74.7,11.2C68,4.5,59.1,0.9,49.7,1c-9,0.1-17.6,3.6-24.1,10C19.1,17.4,15.3,25.8,15,34.9 c-0.1,3.6,0.3,7.1,1.2,10.5c0.3,1.2,0.7,2.4,1.2,3.5l1,2.3L41.6,94c1.7,3.1,4.8,5,8.4,5s6.7-1.9,8.4-5l23.1-42.8l1-2.2 c0.5-1.2,0.9-2.4,1.2-3.7c0.8-3,1.3-6.2,1.3-9.4C85,26.6,81.3,17.8,74.7,11.2L74.7,11.2z M81.5,44.7c-0.3,1.2-0.7,2.3-1.1,3.4 l-0.9,2.1L56.3,92.9c-1.3,2.4-3.6,3.8-6.3,3.8s-5.1-1.4-6.3-3.8L20.6,50.3l-1-2.2c-0.4-1-0.8-2.1-1.1-3.3c-0.9-3.2-1.3-6.5-1.2-9.8 C17.9,17.6,32.4,3.5,49.7,3.3c8.8-0.1,17.1,3.3,23.3,9.5c6.2,6.2,9.7,14.4,9.7,23.2C82.7,39,82.3,41.9,81.5,44.7z\"><\/path><path d=\"M49.9,18.9c-9.8,0-17.7,7.9-17.7,17.7s7.9,17.7,17.7,17.7s17.7-7.9,17.7-17.7S59.7,18.9,49.9,18.9z  M49.9,51.9c-8.5,0-15.4-6.9-15.4-15.4c0-8.5,6.9-15.4,15.4-15.4c8.5,0,15.4,6.9,15.4,15.4C65.3,45,58.4,51.9,49.9,51.9z\"><\/path><\/svg><\/span><\/div><\/div><\/div><div class=\"wdt-content-detail-group\"><div class=\"wdt-content-title\"><h5>Direcci\u00f3n<\/h5><\/div><div class=\"wdt-content-description\">3800 E 42nd St  6 th floor suite 600. Odessa\u00a0TX\u00a079762<\/div><\/div><\/div><\/div><\/div><div class=\"\"><div class=\"wdt-content-item\"><div class=\"wdt-specification-block\"><div class=\"wdt-image-icon-group\"><div class=\"wdt-content-image-wrapper\"><div class=\"wdt-content-image\"><\/div><\/div><div class=\"wdt-content-icon-wrapper \"><div class=\"wdt-content-icon\"><span><svg xmlns=\"http:\/\/www.w3.org\/2000\/svg\" xmlns:xlink=\"http:\/\/www.w3.org\/1999\/xlink\" x=\"0px\" y=\"0px\" viewBox=\"0 0 100 100\" style=\"enable-background:new 0 0 100 100;\" xml:space=\"preserve\"><path d=\"M87.1,72.9c-0.1-0.1-0.2-0.1-0.2-0.2L71,63.7l-0.2-0.1c-0.1,0-0.1-0.1-0.2-0.1c-5.6-2.6-9.5,2.4-12.4,6.2 c-0.5,0.7-1.2,1.6-1.7,2.1c-0.6,0.6-1.2,1.1-1.6,1.2c-0.1,0-0.3,0.1-0.5,0c-6.5-3.3-12-7.4-16.6-12.3c-3.8-4-7.2-8.7-10.5-14.6 c-0.4-1.3,1.4-2.7,3.6-4.3c0.7-0.5,1.4-1,1.9-1.5c2.1-1.6,3.5-3.1,4.3-4.8c1-2.4,0.7-4.7-1-6.9L26,11.5c-0.5-1-1.5-1.6-2.6-1.6 c-5.8-0.5-10.8,0.8-14.7,4c-3.9,3.1-6.4,7.9-7.4,13.7C0,36.4,2.2,46.6,7.9,56.8C13.6,67.1,22.6,77.4,32.7,85c2.4,1.8,4.7,3.2,7,4.7 l0.8,0.5c5.6,3.5,10.3,5.7,14.8,7.1c3.5,1.1,6.8,1.6,10.2,1.6c1.6,0,3.2-0.1,4.7-0.3c4-0.6,7.1-1.4,9.7-2.7c3.6-1.6,6.4-4.1,8.2-7.3 c1.6-2.8,2.5-5.9,2.5-8.5C90.6,77,89.4,74.5,87.1,72.9L87.1,72.9z M86,87.4c-1.6,2.8-3.9,4.8-7.1,6.2c-2.4,1.1-5.3,1.9-9.1,2.5 c-4.6,0.7-9,0.3-13.8-1.2c-4.2-1.3-8.7-3.5-14.2-6.8L41,87.6c-2.2-1.4-4.6-2.9-6.9-4.6C24.3,75.6,15.6,65.6,10,55.6 c-5.4-9.8-7.5-19.4-6.2-27.7c0.9-5.3,3.1-9.5,6.5-12.2c2.9-2.3,6.5-3.5,10.8-3.5c0.7,0,1.4,0,2.2,0.1c0.3,0,0.5,0.2,0.6,0.4 l10.2,17.2l0.1,0.1c1.2,1.5,1.4,2.9,0.7,4.5c-0.5,1.3-1.7,2.6-3.5,3.9l-0.1,0.1c-0.5,0.4-1.1,0.9-1.8,1.4c-2.4,1.7-5.6,4.1-4.4,7.2 l0.7-0.3l-0.6,0.3c3.4,6.2,6.9,11,10.9,15.2c4.8,5.1,10.5,9.3,17.3,12.8c0.8,0.4,1.7,0.4,2.4,0.1c0.8-0.3,1.6-0.8,2.5-1.8 c0.5-0.5,1.1-1.2,2-2.4c3.2-4.2,5.8-7.1,9.4-5.4c0.1,0,0.1,0.1,0.2,0.1l15.8,9.1c0,0,0.1,0.1,0.1,0.1c1.6,1.1,2.4,2.8,2.4,5.2 C88.2,82.3,87.4,85,86,87.4L86,87.4z\"><\/path><path d=\"M71.8,6.9C59.4,0.7,47.5,1.1,47,1.1c-0.7,0-1.2,0.6-1.2,1.3s0.6,1.2,1.3,1.2c0.1,0,11.8-0.4,23.7,5.6 c15.8,7.9,24.5,22.7,25.7,44c0,0.6,0.6,1.1,1.2,1.1c0,0,0,0,0.1,0c0.7,0,1.2-0.6,1.1-1.3C97.4,25.3,83.3,12.6,71.8,6.9L71.8,6.9z\"><\/path><path d=\"M49,16.4c0.1,0,8.3-0.3,16.7,3.9c11.1,5.6,17.2,16,18.1,31c0,0.6,0.6,1.1,1.2,1.1c0,0,0,0,0.1,0 c0.7,0,1.2-0.6,1.1-1.3c-1.2-19.9-11.2-28.9-19.5-33c-8.9-4.4-17.4-4.2-17.8-4.1c-0.7,0-1.2,0.6-1.2,1.3 C47.7,15.9,48.3,16.4,49,16.4L49,16.4z\"><\/path><path d=\"M46.5,27.4c0,0.7,0.6,1.2,1.3,1.2c0.9,0,22.4-0.5,23.8,23.9c0,0.6,0.6,1.1,1.2,1.1c0,0,0,0,0.1,0 c0.7,0,1.2-0.6,1.1-1.3c-1.6-26.8-26.1-26.2-26.3-26.2C47,26.2,46.4,26.8,46.5,27.4z\"><\/path><\/svg><\/span><\/div><\/div><\/div><div class=\"wdt-content-detail-group\"><div class=\"wdt-content-title\"><h5>Tel\u00e9fonos<\/h5><\/div><div class=\"wdt-content-button-group\"><div class=\"wdt-content-button wdt-button-clone\"><a href=\"tel:+1%20(303)%20709-9870\"><div class=\"wdt-button-text\"><span>+1 (303) 709-9870<\/span><\/div><\/a><\/div><\/div><\/div><\/div><\/div><\/div><\/div>\t\t\t\t<\/div>\n\t\t\t\t<\/div>\n\t\t\t\t<div class=\"elementor-element elementor-element-6104a5f elementor-shape-circle e-grid-align-left elementor-grid-0 elementor-widget elementor-widget-social-icons\" data-id=\"6104a5f\" data-element_type=\"widget\" data-e-type=\"widget\" data-settings=\"{&quot;wdt_animation_effect&quot;:&quot;none&quot;}\" data-widget_type=\"social-icons.default\">\n\t\t\t\t<div class=\"elementor-widget-container\">\n\t\t\t\t\t\t\t<div class=\"elementor-social-icons-wrapper elementor-grid\" role=\"list\">\n\t\t\t\t\t\t\t<span class=\"elementor-grid-item\" role=\"listitem\">\n\t\t\t\t\t<a class=\"elementor-icon elementor-social-icon elementor-social-icon-facebook elementor-repeater-item-c758f20\" href=\"https:\/\/www.facebook.com\/profile.php?id=100094449866144\" target=\"_blank\">\n\t\t\t\t\t\t<span class=\"elementor-screen-only\">Facebook<\/span>\n\t\t\t\t\t\t<i aria-hidden=\"true\" class=\"fab fa-facebook\"><\/i>\t\t\t\t\t<\/a>\n\t\t\t\t<\/span>\n\t\t\t\t\t\t\t<span class=\"elementor-grid-item\" role=\"listitem\">\n\t\t\t\t\t<a class=\"elementor-icon elementor-social-icon elementor-social-icon-instagram elementor-repeater-item-bd27689\" href=\"https:\/\/www.instagram.com\/andrea.pmstudio\/\" target=\"_blank\">\n\t\t\t\t\t\t<span class=\"elementor-screen-only\">Instagram<\/span>\n\t\t\t\t\t\t<i aria-hidden=\"true\" class=\"fab fa-instagram\"><\/i>\t\t\t\t\t<\/a>\n\t\t\t\t<\/span>\n\t\t\t\t\t\t\t<span class=\"elementor-grid-item\" role=\"listitem\">\n\t\t\t\t\t<a class=\"elementor-icon elementor-social-icon elementor-social-icon-youtube elementor-repeater-item-5f46d04\" href=\"https:\/\/www.youtube.com\/channel\/UCeJYNBIWhPcjSo_5a4FZ41A\" target=\"_blank\">\n\t\t\t\t\t\t<span class=\"elementor-screen-only\">Youtube<\/span>\n\t\t\t\t\t\t<i aria-hidden=\"true\" class=\"fab fa-youtube\"><\/i>\t\t\t\t\t<\/a>\n\t\t\t\t<\/span>\n\t\t\t\t\t\t\t<span class=\"elementor-grid-item\" role=\"listitem\">\n\t\t\t\t\t<a class=\"elementor-icon elementor-social-icon elementor-social-icon-tiktok elementor-repeater-item-3c84529\" href=\"https:\/\/www.tiktok.com\/@andrea.pmstudio\" target=\"_blank\">\n\t\t\t\t\t\t<span class=\"elementor-screen-only\">Tiktok<\/span>\n\t\t\t\t\t\t<i aria-hidden=\"true\" class=\"fab fa-tiktok\"><\/i>\t\t\t\t\t<\/a>\n\t\t\t\t<\/span>\n\t\t\t\t\t<\/div>\n\t\t\t\t\t\t<\/div>\n\t\t\t\t<\/div>\n\t\t\t\t<div class=\"elementor-element elementor-element-e82256c elementor-widget elementor-widget-text-editor\" data-id=\"e82256c\" data-element_type=\"widget\" data-e-type=\"widget\" data-settings=\"{&quot;wdt_animation_effect&quot;:&quot;none&quot;}\" data-widget_type=\"text-editor.default\">\n\t\t\t\t<div class=\"elementor-widget-container\">\n\t\t\t\t\t\t\t\t\t<iframe src=\"https:\/\/www.google.com\/maps\/embed?pb=!1m18!1m12!1m3!1d3386.036726684949!2d-102.31176008836312!3d31.93276022654274!2m3!1f0!2f0!3f0!3m2!1i1024!2i768!4f13.1!3m3!1m2!1s0x86fbcfaa114f24a9%3A0xcbe78a7563fd3365!2sLatitude%2031%20Apartment%20Homes!5e0!3m2!1ses!2sus!4v1707777725785!5m2!1ses!2sus\" width=\"600\" height=\"450\" style=\"border:0;\" allowfullscreen=\"\" loading=\"lazy\" referrerpolicy=\"no-referrer-when-downgrade\"><\/iframe>\t\t\t\t\t\t\t\t<\/div>\n\t\t\t\t<\/div>\n\t\t\t\t<\/div>\n\t\t<div class=\"elementor-element elementor-element-927de7b e-con-full e-flex e-con e-child\" data-id=\"927de7b\" data-element_type=\"container\" data-e-type=\"container\" data-settings=\"{&quot;background_background&quot;:&quot;classic&quot;}\">\n\t\t\t\t<div class=\"elementor-element elementor-element-e4fed33 start elementor-widget elementor-widget-wdt-heading\" data-id=\"e4fed33\" data-element_type=\"widget\" data-e-type=\"widget\" data-settings=\"{&quot;wdt_animation_effect&quot;:&quot;none&quot;}\" data-widget_type=\"wdt-heading.default\">\n\t\t\t\t<div class=\"elementor-widget-container\">\n\t\t\t\t\t<div class=\"wdt-heading-holder \" id=\"wdt-heading-e4fed33\"><h2 class=\"wdt-heading-title-wrapper wdt-heading-align-center wdt-heading-deco-wrapper\"><span class=\"wdt-heading-title\">Cont\u00e1ctanos en cualquier momento, estamos aqu\u00ed para ayudarte de cualquier manera posible.<\/span><\/h2><div class=\"wdt-heading-separator-wrapper\"><div class=\"wdt-heading-separator with-line\"><div class=\"wdt-separator-line\"><\/div><\/div><\/div><\/div>\t\t\t\t<\/div>\n\t\t\t\t<\/div>\n\t\t\t\t<div class=\"elementor-element elementor-element-cb5f88b elementor-button-align-stretch elementor-widget elementor-widget-form\" data-id=\"cb5f88b\" data-element_type=\"widget\" data-e-type=\"widget\" data-settings=\"{&quot;step_next_label&quot;:&quot;Next&quot;,&quot;step_previous_label&quot;:&quot;Previous&quot;,&quot;button_width&quot;:&quot;100&quot;,&quot;step_type&quot;:&quot;number_text&quot;,&quot;step_icon_shape&quot;:&quot;circle&quot;,&quot;wdt_animation_effect&quot;:&quot;none&quot;}\" data-widget_type=\"form.default\">\n\t\t\t\t<div class=\"elementor-widget-container\">\n\t\t\t\t\t\t\t<form class=\"elementor-form\" method=\"post\" name=\"New Form\" aria-label=\"New Form\">\n\t\t\t<input type=\"hidden\" name=\"post_id\" value=\"419\"\/>\n\t\t\t<input type=\"hidden\" name=\"form_id\" value=\"cb5f88b\"\/>\n\t\t\t<input type=\"hidden\" name=\"referer_title\" value=\"Contacto\" \/>\n\n\t\t\t\t\t\t\t<input type=\"hidden\" name=\"queried_id\" value=\"419\"\/>\n\t\t\t\n\t\t\t<div class=\"elementor-form-fields-wrapper elementor-labels-\">\n\t\t\t\t\t\t\t\t<div class=\"elementor-field-type-text elementor-field-group elementor-column elementor-field-group-name elementor-col-100\">\n\t\t\t\t\t\t\t\t\t\t\t\t<label for=\"form-field-name\" class=\"elementor-field-label elementor-screen-only\">\n\t\t\t\t\t\t\t\tName\t\t\t\t\t\t\t<\/label>\n\t\t\t\t\t\t\t\t\t\t\t\t\t\t<input size=\"1\" type=\"text\" name=\"form_fields[name]\" id=\"form-field-name\" class=\"elementor-field elementor-size-sm  elementor-field-textual\" placeholder=\"Nombre\">\n\t\t\t\t\t\t\t\t\t\t\t<\/div>\n\t\t\t\t\t\t\t\t<div class=\"elementor-field-type-tel elementor-field-group elementor-column elementor-field-group-field_8ef626c elementor-col-100\">\n\t\t\t\t\t\t\t\t\t\t\t\t<label for=\"form-field-field_8ef626c\" class=\"elementor-field-label elementor-screen-only\">\n\t\t\t\t\t\t\t\tPhone\t\t\t\t\t\t\t<\/label>\n\t\t\t\t\t\t\t\t<input size=\"1\" type=\"tel\" name=\"form_fields[field_8ef626c]\" id=\"form-field-field_8ef626c\" class=\"elementor-field elementor-size-sm  elementor-field-textual\" placeholder=\"Tel\u00e9fono\" pattern=\"[0-9()#&amp;+*-=.]+\" title=\"Solo se aceptan n\u00fameros y caracteres de tel\u00e9fono (#,-,*,etc).\">\n\n\t\t\t\t\t\t<\/div>\n\t\t\t\t\t\t\t\t<div class=\"elementor-field-type-email elementor-field-group elementor-column elementor-field-group-email elementor-col-100 elementor-field-required\">\n\t\t\t\t\t\t\t\t\t\t\t\t<label for=\"form-field-email\" class=\"elementor-field-label elementor-screen-only\">\n\t\t\t\t\t\t\t\tEmail\t\t\t\t\t\t\t<\/label>\n\t\t\t\t\t\t\t\t\t\t\t\t\t\t<input size=\"1\" type=\"email\" name=\"form_fields[email]\" id=\"form-field-email\" class=\"elementor-field elementor-size-sm  elementor-field-textual\" placeholder=\"Email\" required=\"required\">\n\t\t\t\t\t\t\t\t\t\t\t<\/div>\n\t\t\t\t\t\t\t\t<div class=\"elementor-field-type-textarea elementor-field-group elementor-column elementor-field-group-message elementor-col-100\">\n\t\t\t\t\t\t\t\t\t\t\t\t<label for=\"form-field-message\" class=\"elementor-field-label elementor-screen-only\">\n\t\t\t\t\t\t\t\tMessage\t\t\t\t\t\t\t<\/label>\n\t\t\t\t\t\t<textarea class=\"elementor-field-textual elementor-field  elementor-size-sm\" name=\"form_fields[message]\" id=\"form-field-message\" rows=\"4\" placeholder=\"Mensaje\"><\/textarea>\t\t\t\t<\/div>\n\t\t\t\t\t\t\t\t<div class=\"elementor-field-group elementor-column elementor-field-type-submit elementor-col-100 e-form__buttons\">\n\t\t\t\t\t<button class=\"elementor-button elementor-size-sm\" type=\"submit\">\n\t\t\t\t\t\t<span class=\"elementor-button-content-wrapper\">\n\t\t\t\t\t\t\t\t\t\t\t\t\t\t\t\t\t\t\t\t\t\t<span class=\"elementor-button-text\">Send<\/span>\n\t\t\t\t\t\t\t\t\t\t\t\t\t<\/span>\n\t\t\t\t\t<\/button>\n\t\t\t\t<\/div>\n\t\t\t<\/div>\n\t\t<\/form>\n\t\t\t\t\t\t<\/div>\n\t\t\t\t<\/div>\n\t\t\t\t<\/div>\n\t\t\t\t\t<\/div>\n\t\t\t\t<\/div>\n\t\t\t\t<\/div>\n\t\t","protected":false},"excerpt":{"rendered":"<p>Cont\u00e1ctanos Andrea Permanent Make Up Studio Cont\u00e1ctanos Email hola@andreapms.com Direcci\u00f3n 3800 E 42nd St 6 th floor suite 600. Odessa\u00a0TX\u00a079762 Tel\u00e9fonos +1 (303) 709-9870 Facebook Instagram Youtube Tiktok Cont\u00e1ctanos en cualquier momento, estamos aqu\u00ed para ayudarte de cualquier manera posible.<\/p>","protected":false},"author":1,"featured_media":0,"parent":0,"menu_order":0,"comment_status":"closed","ping_status":"closed","template":"elementor_header_footer","meta":{"footnotes":""},"class_list":["post-419","page","type-page","status-publish","hentry"],"_links":{"self":[{"href":"https:\/\/andreapms.com\/en\/wp-json\/wp\/v2\/pages\/419","targetHints":{"allow":["GET"]}}],"collection":[{"href":"https:\/\/andreapms.com\/en\/wp-json\/wp\/v2\/pages"}],"about":[{"href":"https:\/\/andreapms.com\/en\/wp-json\/wp\/v2\/types\/page"}],"author":[{"embeddable":true,"href":"https:\/\/andreapms.com\/en\/wp-json\/wp\/v2\/users\/1"}],"replies":[{"embeddable":true,"href":"https:\/\/andreapms.com\/en\/wp-json\/wp\/v2\/comments?post=419"}],"version-history":[{"count":103,"href":"https:\/\/andreapms.com\/en\/wp-json\/wp\/v2\/pages\/419\/revisions"}],"predecessor-version":[{"id":6473,"href":"https:\/\/andreapms.com\/en\/wp-json\/wp\/v2\/pages\/419\/revisions\/6473"}],"wp:attachment":[{"href":"https:\/\/andreapms.com\/en\/wp-json\/wp\/v2\/media?parent=419"}],"curies":[{"name":"wp","href":"https:\/\/api.w.org\/{rel}","templated":true}]}}