{"id":3,"date":"2023-01-03T08:10:24","date_gmt":"2023-01-03T08:10:24","guid":{"rendered":"https:\/\/amiy.wpenginepowered.com\/?page_id=3"},"modified":"2024-02-15T22:20:01","modified_gmt":"2024-02-16T04:20:01","slug":"privacy-policy","status":"publish","type":"page","link":"https:\/\/andreapms.com\/en\/privacy-policy\/","title":{"rendered":"Privacy Policy"},"content":{"rendered":"<div data-elementor-type=\"wp-page\" data-elementor-id=\"3\" class=\"elementor elementor-3\" data-elementor-post-type=\"page\">\n\t\t\t\t<div class=\"elementor-element elementor-element-20c5207 e-flex e-con-boxed e-con e-parent\" data-id=\"20c5207\" data-element_type=\"container\" data-e-type=\"container\" data-settings=\"{&quot;background_background&quot;:&quot;classic&quot;}\">\n\t\t\t\t\t<div class=\"e-con-inner\">\n\t\t\t\t<div class=\"elementor-element elementor-element-75d3451 elementor-widget elementor-widget-heading\" data-id=\"75d3451\" data-element_type=\"widget\" data-e-type=\"widget\" data-settings=\"{&quot;wdt_animation_effect&quot;:&quot;none&quot;}\" data-widget_type=\"heading.default\">\n\t\t\t\t<div class=\"elementor-widget-container\">\n\t\t\t\t\t<h2 class=\"elementor-heading-title elementor-size-default\">Privacy Policies<\/h2>\t\t\t\t<\/div>\n\t\t\t\t<\/div>\n\t\t\t\t\t<\/div>\n\t\t\t\t<\/div>\n\t\t<div class=\"elementor-element elementor-element-506c793b e-flex e-con-boxed e-con e-parent\" data-id=\"506c793b\" data-element_type=\"container\" data-e-type=\"container\">\n\t\t\t\t\t<div class=\"e-con-inner\">\n\t\t\t\t<div class=\"elementor-element elementor-element-fa68f58 elementor-widget elementor-widget-text-editor\" data-id=\"fa68f58\" data-element_type=\"widget\" data-e-type=\"widget\" data-settings=\"{&quot;wdt_animation_effect&quot;:&quot;none&quot;}\" data-widget_type=\"text-editor.default\">\n\t\t\t\t<div class=\"elementor-widget-container\">\n\t\t\t\t\t\t\t\t\t<p><strong>WHO WE ARE<\/strong><br \/>The address of our website is: <a href=\"https:\/\/andreapms.com\/en\/\">https:\/\/andreapms.com\/<\/a><\/p><p><strong>COMMENTS<\/strong><br \/>When visitors leave comments on the site, we collect the data shown in the comments form, as well as the visitor's IP address and browser user agent string to help spam detection.<\/p><p>After your comment is approved, your profile picture will be visible to the public in the context of your comment.<\/p><p><strong>Media<\/strong><br \/>If you upload images to the website, you should avoid uploading images with embedded location data (GPS EXIF included). Website visitors can download and extract any location data from images on the website.<\/p><p><strong>Cookies<\/strong><br \/>If you leave a comment on our site, you may choose to save your name, email address and website in cookies. This is for your convenience so that you do not have to fill in your details again when you leave another comment. These cookies will last for one year.<\/p><p><strong>Integrated Content from Other Websites<\/strong><br \/>Articles on this site may include embedded content (e.g. videos, images, articles, etc.). Embedded content from other websites behaves in exactly the same way as if the visitor had visited the other website.<\/p><p>These websites may collect data about you, use cookies, embed additional third-party tracking, and monitor your interaction with that embedded content, including tracking your interaction with the embedded content if you have an account and are logged in to that website.<\/p><p><strong>HOW LONG DO WE KEEP YOUR DATA<\/strong><br \/>If you leave a comment, the comment and its metadata are retained indefinitely. This is so we can recognize and approve any follow-up comments automatically instead of holding them in a moderation queue.<\/p><p>For users who register on our website (if any), we also store the personal information they provide in their user profile. All users can view, edit or delete their personal information at any time (except they cannot change their username). Website administrators can also view and edit that information.<\/p><p><strong>WHAT RIGHTS YOU HAVE OVER YOUR DATA<\/strong><br \/>If you have an account on this site or have left comments, you can request to receive an exported file of the personal data we hold about you, including any data you have provided to us. You can also request that we erase any personal data we hold about you. This does not include any data that we are required to retain for administrative, legal or security purposes.<\/p><p><strong>WHERE YOUR DATA IS SENT<\/strong><br \/>Visitor comments may be reviewed through an automated spam detection service.<\/p><p class=\"translation-block\"><strong>POLICIES<\/strong><br>-all deposits and services are NON-REFUNDABLE<br>-all remaining balances must be paid in full on the day prior to your service by 10:00 pm any unpaid balance after 10:00 pm will result in a canceled appointment<br>-You will receive an inquiry form located in the confirmation and reminder email! Make sure the form is completely true before your service - You have a 10 minute grace period! Once the 10 minutes have passed your service will be canceled and you must reschedule even if you are parked outside<br>\u2013 No calls and no shows will be prohibited on the reservation, unless a valid excuse is presented within 24 hours<br>-All cancellations or rescheduling of appointments must be made 24 hours in advance, you will only be allowed one free rescheduled appointment after you must refund a deposit<\/p>\t\t\t\t\t\t\t\t<\/div>\n\t\t\t\t<\/div>\n\t\t\t\t\t<\/div>\n\t\t\t\t<\/div>\n\t\t\t\t<\/div>","protected":false},"excerpt":{"rendered":"<p>Pol\u00edticas de Privacidad QUIENES SOMOSLa direcci\u00f3n de nuestro sitio web es: https:\/\/andreapms.com\/ COMENTARIOSCuando los visitantes dejan comentarios en el sitio, recopilamos los datos que se muestran en el formulario de comentarios, y tambi\u00e9n la direcci\u00f3n IP del visitante y la cadena de agente de usuario del navegador para ayudar a la detecci\u00f3n de spam. Despu\u00e9s [&hellip;]<\/p>\n","protected":false},"author":1,"featured_media":0,"parent":0,"menu_order":0,"comment_status":"closed","ping_status":"open","template":"elementor_header_footer","meta":{"footnotes":""},"class_list":["post-3","page","type-page","status-publish","hentry"],"_links":{"self":[{"href":"https:\/\/andreapms.com\/en\/wp-json\/wp\/v2\/pages\/3","targetHints":{"allow":["GET"]}}],"collection":[{"href":"https:\/\/andreapms.com\/en\/wp-json\/wp\/v2\/pages"}],"about":[{"href":"https:\/\/andreapms.com\/en\/wp-json\/wp\/v2\/types\/page"}],"author":[{"embeddable":true,"href":"https:\/\/andreapms.com\/en\/wp-json\/wp\/v2\/users\/1"}],"replies":[{"embeddable":true,"href":"https:\/\/andreapms.com\/en\/wp-json\/wp\/v2\/comments?post=3"}],"version-history":[{"count":12,"href":"https:\/\/andreapms.com\/en\/wp-json\/wp\/v2\/pages\/3\/revisions"}],"predecessor-version":[{"id":5360,"href":"https:\/\/andreapms.com\/en\/wp-json\/wp\/v2\/pages\/3\/revisions\/5360"}],"wp:attachment":[{"href":"https:\/\/andreapms.com\/en\/wp-json\/wp\/v2\/media?parent=3"}],"curies":[{"name":"wp","href":"https:\/\/api.w.org\/{rel}","templated":true}]}}